{"id":5265,"date":"2022-12-13T22:27:19","date_gmt":"2022-12-13T21:27:19","guid":{"rendered":"https:\/\/escudes.com\/le-chateau\/"},"modified":"2023-05-07T22:00:23","modified_gmt":"2023-05-07T20:00:23","slug":"le-chateau","status":"publish","type":"page","link":"https:\/\/escudes.com\/fr\/le-chateau\/","title":{"rendered":"Le Ch\u00e2teau"},"content":{"rendered":"\t\t<div data-elementor-type=\"wp-page\" data-elementor-id=\"5265\" class=\"elementor elementor-5265 elementor-4587\" data-elementor-post-type=\"page\">\n\t\t\t\t\t\t<section class=\"elementor-section elementor-top-section elementor-element elementor-element-0161369 elementor-section-full_width elementor-section-height-default elementor-section-height-default qodef-elementor-content-no\" data-id=\"0161369\" data-element_type=\"section\" data-e-type=\"section\">\n\t\t\t\t\t\t<div class=\"elementor-container elementor-column-gap-default\">\n\t\t\t\t\t<div class=\"elementor-column elementor-col-100 elementor-top-column elementor-element elementor-element-918879d\" data-id=\"918879d\" data-element_type=\"column\" data-e-type=\"column\">\n\t\t\t<div class=\"elementor-widget-wrap elementor-element-populated\">\n\t\t\t\t\t\t<div class=\"elementor-element elementor-element-fa61aad elementor-widget elementor-widget-heading\" data-id=\"fa61aad\" data-element_type=\"widget\" data-e-type=\"widget\" data-widget_type=\"heading.default\">\n\t\t\t\t\t<h1 class=\"elementor-heading-title elementor-size-xxl\">Le Ch\u00e2teau<\/h1>\t\t\t\t<\/div>\n\t\t\t\t\t<\/div>\n\t\t<\/div>\n\t\t\t\t\t<\/div>\n\t\t<\/section>\n\t\t\t\t<section class=\"elementor-section elementor-top-section elementor-element elementor-element-a15843b elementor-section-full_width elementor-section-height-default elementor-section-height-default qodef-elementor-content-no\" data-id=\"a15843b\" data-element_type=\"section\" data-e-type=\"section\">\n\t\t\t\t\t\t<div class=\"elementor-container elementor-column-gap-default\">\n\t\t\t\t\t<div class=\"elementor-column elementor-col-100 elementor-top-column elementor-element elementor-element-e6d7a2b\" data-id=\"e6d7a2b\" data-element_type=\"column\" data-e-type=\"column\">\n\t\t\t<div class=\"elementor-widget-wrap elementor-element-populated\">\n\t\t\t\t\t\t<div class=\"elementor-element elementor-element-76c9ac0 elementor-widget elementor-widget-text-editor\" data-id=\"76c9ac0\" data-element_type=\"widget\" data-e-type=\"widget\" data-widget_type=\"text-editor.default\">\n\t\t\t\t\t\t\t\t\t<p>Le Ch\u00e2teau Escudes est disponible \u00e0 la location pour quelques semaines chaque ann\u00e9e. Les r\u00e9servations sont possibles de mai \u00e0 octobre. La propri\u00e9t\u00e9 peut accueillir 18 personnes, avec six \u00e0 huit personnes dans le ch\u00e2teau et 10 dans les deux cottages.<\/p>\n<p>Sur demande, nous pouvons organiser un cuisinier pour vous, mais la cuisine est enti\u00e8rement \u00e9quip\u00e9e pour l&rsquo;auto-restauration. Sous H\u00e9bergement, vous trouverez les possibilit\u00e9s de louer une partie de notre domaine pour des vacances en famille inoubliables.<\/p>\n<p>Pendant la haute saison (juillet et ao\u00fbt), le s\u00e9jour minimum est d&rsquo;une semaine. Pendant la basse saison (mai, juin, septembre et octobre), le s\u00e9jour minimum est de 2 nuits.<\/p>\n\t\t\t\t\t\t\t\t<\/div>\n\t\t\t\t\t<\/div>\n\t\t<\/div>\n\t\t\t\t\t<\/div>\n\t\t<\/section>\n\t\t\t\t<section class=\"elementor-section elementor-top-section elementor-element elementor-element-98f87cb elementor-section-boxed elementor-section-height-default elementor-section-height-default qodef-elementor-content-no\" data-id=\"98f87cb\" data-element_type=\"section\" data-e-type=\"section\">\n\t\t\t\t\t\t<div class=\"elementor-container elementor-column-gap-no\">\n\t\t\t\t\t<div class=\"elementor-column elementor-col-100 elementor-top-column elementor-element elementor-element-1706c9a\" data-id=\"1706c9a\" data-element_type=\"column\" data-e-type=\"column\">\n\t\t\t<div class=\"elementor-widget-wrap elementor-element-populated\">\n\t\t\t\t\t\t<div class=\"elementor-element elementor-element-ff30654 elementor-widget elementor-widget-qi_addons_for_elementor_image_gallery_pinterest\" data-id=\"ff30654\" data-element_type=\"widget\" data-e-type=\"widget\" data-widget_type=\"qi_addons_for_elementor_image_gallery_pinterest.default\">\n\t\t\t\t<div class=\"elementor-widget-container\">\n\t\t\t\t\t<div class=\"qodef-shortcode qodef-m qodef-qi-image-gallery-pinterest qodef-qi-fslightbox-popup qodef-popup-gallery qodef-image--hover-zoom qodef-qi-grid qodef-layout--qi-masonry qodef-col-num--2 qodef-responsive--predefined\">\n\t<div class=\"qodef-grid-inner\">\n\t\t\t<div class=\"qodef-qi-grid-masonry-sizer\"><\/div>\n<div class=\"qodef-e qodef-image-wrapper qodef-grid-item\">\n\t<div class=\"qodef-e-inner\">\n\t\t\t\t\t<a class=\"qodef-popup-item\" itemprop=\"image\" href=\"https:\/\/escudes.com\/wp-content\/uploads\/2022\/12\/Escudes-11-RESI-scaled.jpg\" data-type=\"image\" data-fslightbox=\"gallery-955\">\n\t\t\t\t\t<img fetchpriority=\"high\" decoding=\"async\" width=\"2560\" height=\"1703\" src=\"https:\/\/escudes.com\/wp-content\/uploads\/2022\/12\/Escudes-11-RESI-scaled.jpg\" class=\"attachment-full size-full\" alt=\"\" srcset=\"https:\/\/escudes.com\/wp-content\/uploads\/2022\/12\/Escudes-11-RESI-scaled.jpg 2560w, https:\/\/escudes.com\/wp-content\/uploads\/2022\/12\/Escudes-11-RESI-300x200.jpg 300w, https:\/\/escudes.com\/wp-content\/uploads\/2022\/12\/Escudes-11-RESI-1024x681.jpg 1024w, https:\/\/escudes.com\/wp-content\/uploads\/2022\/12\/Escudes-11-RESI-768x511.jpg 768w, https:\/\/escudes.com\/wp-content\/uploads\/2022\/12\/Escudes-11-RESI-1536x1022.jpg 1536w, https:\/\/escudes.com\/wp-content\/uploads\/2022\/12\/Escudes-11-RESI-2048x1363.jpg 2048w, https:\/\/escudes.com\/wp-content\/uploads\/2022\/12\/Escudes-11-RESI-600x399.jpg 600w\" sizes=\"(max-width: 2560px) 100vw, 2560px\" \/>\t\t\t\t\t<\/a>\n\t\t\t<\/div>\n<\/div>\n<div class=\"qodef-e qodef-image-wrapper qodef-grid-item\">\n\t<div class=\"qodef-e-inner\">\n\t\t\t\t\t<a class=\"qodef-popup-item\" itemprop=\"image\" href=\"https:\/\/escudes.com\/wp-content\/uploads\/2023\/01\/IMG-0461-scaled.jpg\" data-type=\"image\" data-fslightbox=\"gallery-955\">\n\t\t\t\t\t<img decoding=\"async\" width=\"2560\" height=\"1920\" src=\"https:\/\/escudes.com\/wp-content\/uploads\/2023\/01\/IMG-0461-scaled.jpg\" class=\"attachment-full size-full\" alt=\"\" srcset=\"https:\/\/escudes.com\/wp-content\/uploads\/2023\/01\/IMG-0461-scaled.jpg 2560w, https:\/\/escudes.com\/wp-content\/uploads\/2023\/01\/IMG-0461-300x225.jpg 300w, https:\/\/escudes.com\/wp-content\/uploads\/2023\/01\/IMG-0461-1024x768.jpg 1024w, https:\/\/escudes.com\/wp-content\/uploads\/2023\/01\/IMG-0461-768x576.jpg 768w, https:\/\/escudes.com\/wp-content\/uploads\/2023\/01\/IMG-0461-1536x1152.jpg 1536w, https:\/\/escudes.com\/wp-content\/uploads\/2023\/01\/IMG-0461-2048x1536.jpg 2048w, https:\/\/escudes.com\/wp-content\/uploads\/2023\/01\/IMG-0461-600x450.jpg 600w\" sizes=\"(max-width: 2560px) 100vw, 2560px\" \/>\t\t\t\t\t<\/a>\n\t\t\t<\/div>\n<\/div>\n<div class=\"qodef-e qodef-image-wrapper qodef-grid-item\">\n\t<div class=\"qodef-e-inner\">\n\t\t\t\t\t<a class=\"qodef-popup-item\" itemprop=\"image\" href=\"https:\/\/escudes.com\/wp-content\/uploads\/2023\/01\/Escudes-44-RESI-scaled.jpg\" data-type=\"image\" data-fslightbox=\"gallery-955\">\n\t\t\t\t\t<img decoding=\"async\" width=\"1706\" height=\"2560\" src=\"https:\/\/escudes.com\/wp-content\/uploads\/2023\/01\/Escudes-44-RESI-scaled.jpg\" class=\"attachment-full size-full\" alt=\"\" srcset=\"https:\/\/escudes.com\/wp-content\/uploads\/2023\/01\/Escudes-44-RESI-scaled.jpg 1706w, https:\/\/escudes.com\/wp-content\/uploads\/2023\/01\/Escudes-44-RESI-200x300.jpg 200w, https:\/\/escudes.com\/wp-content\/uploads\/2023\/01\/Escudes-44-RESI-683x1024.jpg 683w, https:\/\/escudes.com\/wp-content\/uploads\/2023\/01\/Escudes-44-RESI-768x1152.jpg 768w, https:\/\/escudes.com\/wp-content\/uploads\/2023\/01\/Escudes-44-RESI-1024x1536.jpg 1024w, https:\/\/escudes.com\/wp-content\/uploads\/2023\/01\/Escudes-44-RESI-1365x2048.jpg 1365w, https:\/\/escudes.com\/wp-content\/uploads\/2023\/01\/Escudes-44-RESI-600x900.jpg 600w\" sizes=\"(max-width: 1706px) 100vw, 1706px\" \/>\t\t\t\t\t<\/a>\n\t\t\t<\/div>\n<\/div>\n<div class=\"qodef-e qodef-image-wrapper qodef-grid-item\">\n\t<div class=\"qodef-e-inner\">\n\t\t\t\t\t<a class=\"qodef-popup-item\" itemprop=\"image\" href=\"https:\/\/escudes.com\/wp-content\/uploads\/2023\/01\/DSC_6585-scaled.jpg\" data-type=\"image\" data-fslightbox=\"gallery-955\">\n\t\t\t\t\t<img loading=\"lazy\" decoding=\"async\" width=\"2560\" height=\"1703\" src=\"https:\/\/escudes.com\/wp-content\/uploads\/2023\/01\/DSC_6585-scaled.jpg\" class=\"attachment-full size-full\" alt=\"\" srcset=\"https:\/\/escudes.com\/wp-content\/uploads\/2023\/01\/DSC_6585-scaled.jpg 2560w, https:\/\/escudes.com\/wp-content\/uploads\/2023\/01\/DSC_6585-300x200.jpg 300w, https:\/\/escudes.com\/wp-content\/uploads\/2023\/01\/DSC_6585-1024x681.jpg 1024w, https:\/\/escudes.com\/wp-content\/uploads\/2023\/01\/DSC_6585-768x511.jpg 768w, https:\/\/escudes.com\/wp-content\/uploads\/2023\/01\/DSC_6585-1536x1022.jpg 1536w, https:\/\/escudes.com\/wp-content\/uploads\/2023\/01\/DSC_6585-2048x1363.jpg 2048w, https:\/\/escudes.com\/wp-content\/uploads\/2023\/01\/DSC_6585-600x399.jpg 600w\" sizes=\"(max-width: 2560px) 100vw, 2560px\" \/>\t\t\t\t\t<\/a>\n\t\t\t<\/div>\n<\/div>\n<div class=\"qodef-e qodef-image-wrapper qodef-grid-item\">\n\t<div class=\"qodef-e-inner\">\n\t\t\t\t\t<a class=\"qodef-popup-item\" itemprop=\"image\" href=\"https:\/\/escudes.com\/wp-content\/uploads\/2023\/01\/IMG_2251-rotated.jpg\" data-type=\"image\" data-fslightbox=\"gallery-955\">\n\t\t\t\t\t<img loading=\"lazy\" decoding=\"async\" width=\"480\" height=\"640\" src=\"https:\/\/escudes.com\/wp-content\/uploads\/2023\/01\/IMG_2251-rotated.jpg\" class=\"attachment-full size-full\" alt=\"\" srcset=\"https:\/\/escudes.com\/wp-content\/uploads\/2023\/01\/IMG_2251-rotated.jpg 480w, https:\/\/escudes.com\/wp-content\/uploads\/2023\/01\/IMG_2251-225x300.jpg 225w\" sizes=\"(max-width: 480px) 100vw, 480px\" \/>\t\t\t\t\t<\/a>\n\t\t\t<\/div>\n<\/div>\n<div class=\"qodef-e qodef-image-wrapper qodef-grid-item\">\n\t<div class=\"qodef-e-inner\">\n\t\t\t\t\t<a class=\"qodef-popup-item\" itemprop=\"image\" href=\"https:\/\/escudes.com\/wp-content\/uploads\/2023\/01\/3BE36DDF-D4AF-4251-B4B8-6905BFE00A1B-scaled.jpg\" data-type=\"image\" data-fslightbox=\"gallery-955\">\n\t\t\t\t\t<img loading=\"lazy\" decoding=\"async\" width=\"2560\" height=\"1440\" src=\"https:\/\/escudes.com\/wp-content\/uploads\/2023\/01\/3BE36DDF-D4AF-4251-B4B8-6905BFE00A1B-scaled.jpg\" class=\"attachment-full size-full\" alt=\"\" srcset=\"https:\/\/escudes.com\/wp-content\/uploads\/2023\/01\/3BE36DDF-D4AF-4251-B4B8-6905BFE00A1B-scaled.jpg 2560w, https:\/\/escudes.com\/wp-content\/uploads\/2023\/01\/3BE36DDF-D4AF-4251-B4B8-6905BFE00A1B-300x169.jpg 300w, https:\/\/escudes.com\/wp-content\/uploads\/2023\/01\/3BE36DDF-D4AF-4251-B4B8-6905BFE00A1B-1024x576.jpg 1024w, https:\/\/escudes.com\/wp-content\/uploads\/2023\/01\/3BE36DDF-D4AF-4251-B4B8-6905BFE00A1B-768x432.jpg 768w, https:\/\/escudes.com\/wp-content\/uploads\/2023\/01\/3BE36DDF-D4AF-4251-B4B8-6905BFE00A1B-1536x864.jpg 1536w, https:\/\/escudes.com\/wp-content\/uploads\/2023\/01\/3BE36DDF-D4AF-4251-B4B8-6905BFE00A1B-2048x1152.jpg 2048w, https:\/\/escudes.com\/wp-content\/uploads\/2023\/01\/3BE36DDF-D4AF-4251-B4B8-6905BFE00A1B-600x338.jpg 600w\" sizes=\"(max-width: 2560px) 100vw, 2560px\" \/>\t\t\t\t\t<\/a>\n\t\t\t<\/div>\n<\/div>\n<div class=\"qodef-e qodef-image-wrapper qodef-grid-item\">\n\t<div class=\"qodef-e-inner\">\n\t\t\t\t\t<a class=\"qodef-popup-item\" itemprop=\"image\" href=\"https:\/\/escudes.com\/wp-content\/uploads\/2023\/01\/IMG-1598-scaled.jpg\" data-type=\"image\" data-fslightbox=\"gallery-955\">\n\t\t\t\t\t<img loading=\"lazy\" decoding=\"async\" width=\"1920\" height=\"2560\" src=\"https:\/\/escudes.com\/wp-content\/uploads\/2023\/01\/IMG-1598-scaled.jpg\" class=\"attachment-full size-full\" alt=\"\" srcset=\"https:\/\/escudes.com\/wp-content\/uploads\/2023\/01\/IMG-1598-scaled.jpg 1920w, https:\/\/escudes.com\/wp-content\/uploads\/2023\/01\/IMG-1598-225x300.jpg 225w, https:\/\/escudes.com\/wp-content\/uploads\/2023\/01\/IMG-1598-768x1024.jpg 768w, https:\/\/escudes.com\/wp-content\/uploads\/2023\/01\/IMG-1598-1152x1536.jpg 1152w, https:\/\/escudes.com\/wp-content\/uploads\/2023\/01\/IMG-1598-1536x2048.jpg 1536w, https:\/\/escudes.com\/wp-content\/uploads\/2023\/01\/IMG-1598-600x800.jpg 600w\" sizes=\"(max-width: 1920px) 100vw, 1920px\" \/>\t\t\t\t\t<\/a>\n\t\t\t<\/div>\n<\/div>\n<div class=\"qodef-e qodef-image-wrapper qodef-grid-item\">\n\t<div class=\"qodef-e-inner\">\n\t\t\t\t\t<a class=\"qodef-popup-item\" itemprop=\"image\" href=\"https:\/\/escudes.com\/wp-content\/uploads\/2023\/01\/Escudes-49-RESI-scaled.jpg\" data-type=\"image\" data-fslightbox=\"gallery-955\">\n\t\t\t\t\t<img loading=\"lazy\" decoding=\"async\" width=\"2560\" height=\"1706\" src=\"https:\/\/escudes.com\/wp-content\/uploads\/2023\/01\/Escudes-49-RESI-scaled.jpg\" class=\"attachment-full size-full\" alt=\"\" srcset=\"https:\/\/escudes.com\/wp-content\/uploads\/2023\/01\/Escudes-49-RESI-scaled.jpg 2560w, https:\/\/escudes.com\/wp-content\/uploads\/2023\/01\/Escudes-49-RESI-300x200.jpg 300w, https:\/\/escudes.com\/wp-content\/uploads\/2023\/01\/Escudes-49-RESI-1024x683.jpg 1024w, https:\/\/escudes.com\/wp-content\/uploads\/2023\/01\/Escudes-49-RESI-768x512.jpg 768w, https:\/\/escudes.com\/wp-content\/uploads\/2023\/01\/Escudes-49-RESI-1536x1024.jpg 1536w, https:\/\/escudes.com\/wp-content\/uploads\/2023\/01\/Escudes-49-RESI-2048x1365.jpg 2048w, https:\/\/escudes.com\/wp-content\/uploads\/2023\/01\/Escudes-49-RESI-600x400.jpg 600w\" sizes=\"(max-width: 2560px) 100vw, 2560px\" \/>\t\t\t\t\t<\/a>\n\t\t\t<\/div>\n<\/div>\n<div class=\"qodef-e qodef-image-wrapper qodef-grid-item\">\n\t<div class=\"qodef-e-inner\">\n\t\t\t\t\t<a class=\"qodef-popup-item\" itemprop=\"image\" href=\"https:\/\/escudes.com\/wp-content\/uploads\/2023\/01\/Hester-10april21.jpg\" data-type=\"image\" data-fslightbox=\"gallery-955\">\n\t\t\t\t\t<img loading=\"lazy\" decoding=\"async\" width=\"1730\" height=\"1155\" src=\"https:\/\/escudes.com\/wp-content\/uploads\/2023\/01\/Hester-10april21.jpg\" class=\"attachment-full size-full\" alt=\"\" srcset=\"https:\/\/escudes.com\/wp-content\/uploads\/2023\/01\/Hester-10april21.jpg 1730w, https:\/\/escudes.com\/wp-content\/uploads\/2023\/01\/Hester-10april21-300x200.jpg 300w, https:\/\/escudes.com\/wp-content\/uploads\/2023\/01\/Hester-10april21-1024x684.jpg 1024w, https:\/\/escudes.com\/wp-content\/uploads\/2023\/01\/Hester-10april21-768x513.jpg 768w, https:\/\/escudes.com\/wp-content\/uploads\/2023\/01\/Hester-10april21-1536x1025.jpg 1536w, https:\/\/escudes.com\/wp-content\/uploads\/2023\/01\/Hester-10april21-600x401.jpg 600w\" sizes=\"(max-width: 1730px) 100vw, 1730px\" \/>\t\t\t\t\t<\/a>\n\t\t\t<\/div>\n<\/div>\n\t<\/div>\n<\/div>\n\t\t\t\t<\/div>\n\t\t\t\t<\/div>\n\t\t\t\t\t<\/div>\n\t\t<\/div>\n\t\t\t\t\t<\/div>\n\t\t<\/section>\n\t\t\t\t<\/div>\n\t\t","protected":false},"excerpt":{"rendered":"<p>Le Ch\u00e2teau Le Ch\u00e2teau Escudes est disponible \u00e0 la location pour quelques semaines chaque ann\u00e9e. Les r\u00e9servations sont possibles de mai \u00e0 octobre. La propri\u00e9t\u00e9 peut accueillir 18 personnes, avec six \u00e0 huit personnes dans le ch\u00e2teau et 10 dans les deux cottages. Sur demande, nous pouvons organiser un cuisinier pour vous, mais la cuisine [&hellip;]<\/p>\n","protected":false},"author":1,"featured_media":0,"parent":0,"menu_order":0,"comment_status":"closed","ping_status":"closed","template":"","meta":{"footnotes":""},"class_list":["post-5265","page","type-page","status-publish","hentry"],"_links":{"self":[{"href":"https:\/\/escudes.com\/fr\/wp-json\/wp\/v2\/pages\/5265","targetHints":{"allow":["GET"]}}],"collection":[{"href":"https:\/\/escudes.com\/fr\/wp-json\/wp\/v2\/pages"}],"about":[{"href":"https:\/\/escudes.com\/fr\/wp-json\/wp\/v2\/types\/page"}],"author":[{"embeddable":true,"href":"https:\/\/escudes.com\/fr\/wp-json\/wp\/v2\/users\/1"}],"replies":[{"embeddable":true,"href":"https:\/\/escudes.com\/fr\/wp-json\/wp\/v2\/comments?post=5265"}],"version-history":[{"count":0,"href":"https:\/\/escudes.com\/fr\/wp-json\/wp\/v2\/pages\/5265\/revisions"}],"wp:attachment":[{"href":"https:\/\/escudes.com\/fr\/wp-json\/wp\/v2\/media?parent=5265"}],"curies":[{"name":"wp","href":"https:\/\/api.w.org\/{rel}","templated":true}]}}