{"id":5271,"date":"2022-12-28T09:19:04","date_gmt":"2022-12-28T08:19:04","guid":{"rendered":"https:\/\/escudes.com\/evenements\/"},"modified":"2023-05-07T22:02:51","modified_gmt":"2023-05-07T20:02:51","slug":"evenements","status":"publish","type":"page","link":"https:\/\/escudes.com\/fr\/evenements\/","title":{"rendered":"\u00c9v\u00e9nements"},"content":{"rendered":"\t\t<div data-elementor-type=\"wp-page\" data-elementor-id=\"5271\" class=\"elementor elementor-5271 elementor-4695\" data-elementor-post-type=\"page\">\n\t\t\t\t\t\t<section class=\"elementor-section elementor-top-section elementor-element elementor-element-7dad5cd elementor-section-full_width elementor-section-height-default elementor-section-height-default qodef-elementor-content-no\" data-id=\"7dad5cd\" data-element_type=\"section\" data-e-type=\"section\">\n\t\t\t\t\t\t<div class=\"elementor-container elementor-column-gap-default\">\n\t\t\t\t\t<div class=\"elementor-column elementor-col-100 elementor-top-column elementor-element elementor-element-6a59d44\" data-id=\"6a59d44\" data-element_type=\"column\" data-e-type=\"column\">\n\t\t\t<div class=\"elementor-widget-wrap elementor-element-populated\">\n\t\t\t\t\t\t<div class=\"elementor-element elementor-element-5c9a5e9 elementor-widget elementor-widget-heading\" data-id=\"5c9a5e9\" data-element_type=\"widget\" data-e-type=\"widget\" data-widget_type=\"heading.default\">\n\t\t\t\t\t<h1 class=\"elementor-heading-title elementor-size-xxl\">\u00c9v\u00e9nements<\/h1>\t\t\t\t<\/div>\n\t\t\t\t\t<\/div>\n\t\t<\/div>\n\t\t\t\t\t<\/div>\n\t\t<\/section>\n\t\t\t\t<section class=\"elementor-section elementor-top-section elementor-element elementor-element-e511e7f elementor-section-full_width elementor-section-height-default elementor-section-height-default qodef-elementor-content-no\" data-id=\"e511e7f\" data-element_type=\"section\" data-e-type=\"section\">\n\t\t\t\t\t\t<div class=\"elementor-container elementor-column-gap-default\">\n\t\t\t\t\t<div class=\"elementor-column elementor-col-100 elementor-top-column elementor-element elementor-element-5d9ecdf\" data-id=\"5d9ecdf\" data-element_type=\"column\" data-e-type=\"column\">\n\t\t\t<div class=\"elementor-widget-wrap elementor-element-populated\">\n\t\t\t\t\t\t<div class=\"elementor-element elementor-element-d5f1f4d elementor-widget elementor-widget-text-editor\" data-id=\"d5f1f4d\" data-element_type=\"widget\" data-e-type=\"widget\" data-widget_type=\"text-editor.default\">\n\t\t\t\t\t\t\t\t\tPour un mariage incluant 2 nuits de sommeil pour 16 personnes et les invit\u00e9s pendant les journ\u00e9es (maximum 80), notre prix de d\u00e9part est de 6.000 \u20ac pendant la basse saison. Nous avons des logements \u00e0 moins de 10 minutes en voiture d&rsquo;Escudes pour h\u00e9berger tous vos invit\u00e9s.\t\t\t\t\t\t\t\t<\/div>\n\t\t\t\t\t<\/div>\n\t\t<\/div>\n\t\t\t\t\t<\/div>\n\t\t<\/section>\n\t\t\t\t<section class=\"elementor-section elementor-top-section elementor-element elementor-element-66af32d elementor-section-boxed elementor-section-height-default elementor-section-height-default qodef-elementor-content-no\" data-id=\"66af32d\" data-element_type=\"section\" data-e-type=\"section\">\n\t\t\t\t\t\t<div class=\"elementor-container elementor-column-gap-no\">\n\t\t\t\t\t<div class=\"elementor-column elementor-col-100 elementor-top-column elementor-element elementor-element-8a42ae5\" data-id=\"8a42ae5\" data-element_type=\"column\" data-e-type=\"column\">\n\t\t\t<div class=\"elementor-widget-wrap elementor-element-populated\">\n\t\t\t\t\t\t<div class=\"elementor-element elementor-element-459dd35 elementor-widget elementor-widget-qi_addons_for_elementor_image_gallery_pinterest\" data-id=\"459dd35\" data-element_type=\"widget\" data-e-type=\"widget\" data-widget_type=\"qi_addons_for_elementor_image_gallery_pinterest.default\">\n\t\t\t\t<div class=\"elementor-widget-container\">\n\t\t\t\t\t<div class=\"qodef-shortcode qodef-m qodef-qi-image-gallery-pinterest qodef-qi-fslightbox-popup qodef-popup-gallery qodef-image--hover-zoom qodef-qi-grid qodef-layout--qi-masonry qodef-col-num--2 qodef-responsive--predefined\">\n\t<div class=\"qodef-grid-inner\">\n\t\t\t<div class=\"qodef-qi-grid-masonry-sizer\"><\/div>\n<div class=\"qodef-e qodef-image-wrapper qodef-grid-item\">\n\t<div class=\"qodef-e-inner\">\n\t\t\t\t\t<a class=\"qodef-popup-item\" itemprop=\"image\" href=\"https:\/\/escudes.com\/wp-content\/uploads\/2023\/01\/85215692-0708-49a0-aadb-42f2dff5a6ae-002.jpg\" data-type=\"image\" data-fslightbox=\"gallery-58\">\n\t\t\t\t\t<img fetchpriority=\"high\" decoding=\"async\" width=\"640\" height=\"426\" src=\"https:\/\/escudes.com\/wp-content\/uploads\/2023\/01\/85215692-0708-49a0-aadb-42f2dff5a6ae-002.jpg\" class=\"attachment-full size-full\" alt=\"\" srcset=\"https:\/\/escudes.com\/wp-content\/uploads\/2023\/01\/85215692-0708-49a0-aadb-42f2dff5a6ae-002.jpg 640w, https:\/\/escudes.com\/wp-content\/uploads\/2023\/01\/85215692-0708-49a0-aadb-42f2dff5a6ae-002-300x200.jpg 300w, https:\/\/escudes.com\/wp-content\/uploads\/2023\/01\/85215692-0708-49a0-aadb-42f2dff5a6ae-002-600x399.jpg 600w\" sizes=\"(max-width: 640px) 100vw, 640px\" \/>\t\t\t\t\t<\/a>\n\t\t\t<\/div>\n<\/div>\n<div class=\"qodef-e qodef-image-wrapper qodef-grid-item\">\n\t<div class=\"qodef-e-inner\">\n\t\t\t\t\t<a class=\"qodef-popup-item\" itemprop=\"image\" href=\"https:\/\/escudes.com\/wp-content\/uploads\/2023\/01\/IMG_2884-002.jpg\" data-type=\"image\" data-fslightbox=\"gallery-58\">\n\t\t\t\t\t<img decoding=\"async\" width=\"480\" height=\"640\" src=\"https:\/\/escudes.com\/wp-content\/uploads\/2023\/01\/IMG_2884-002.jpg\" class=\"attachment-full size-full\" alt=\"\" srcset=\"https:\/\/escudes.com\/wp-content\/uploads\/2023\/01\/IMG_2884-002.jpg 480w, https:\/\/escudes.com\/wp-content\/uploads\/2023\/01\/IMG_2884-002-225x300.jpg 225w\" sizes=\"(max-width: 480px) 100vw, 480px\" \/>\t\t\t\t\t<\/a>\n\t\t\t<\/div>\n<\/div>\n<div class=\"qodef-e qodef-image-wrapper qodef-grid-item\">\n\t<div class=\"qodef-e-inner\">\n\t\t\t\t\t<a class=\"qodef-popup-item\" itemprop=\"image\" href=\"https:\/\/escudes.com\/wp-content\/uploads\/2023\/01\/DSC9120-scaled.jpg\" data-type=\"image\" data-fslightbox=\"gallery-58\">\n\t\t\t\t\t<img decoding=\"async\" width=\"2560\" height=\"1709\" src=\"https:\/\/escudes.com\/wp-content\/uploads\/2023\/01\/DSC9120-scaled.jpg\" class=\"attachment-full size-full\" alt=\"\" srcset=\"https:\/\/escudes.com\/wp-content\/uploads\/2023\/01\/DSC9120-scaled.jpg 2560w, https:\/\/escudes.com\/wp-content\/uploads\/2023\/01\/DSC9120-300x200.jpg 300w, https:\/\/escudes.com\/wp-content\/uploads\/2023\/01\/DSC9120-1024x684.jpg 1024w, https:\/\/escudes.com\/wp-content\/uploads\/2023\/01\/DSC9120-768x513.jpg 768w, https:\/\/escudes.com\/wp-content\/uploads\/2023\/01\/DSC9120-1536x1025.jpg 1536w, https:\/\/escudes.com\/wp-content\/uploads\/2023\/01\/DSC9120-2048x1367.jpg 2048w, https:\/\/escudes.com\/wp-content\/uploads\/2023\/01\/DSC9120-600x401.jpg 600w\" sizes=\"(max-width: 2560px) 100vw, 2560px\" \/>\t\t\t\t\t<\/a>\n\t\t\t<\/div>\n<\/div>\n<div class=\"qodef-e qodef-image-wrapper qodef-grid-item\">\n\t<div class=\"qodef-e-inner\">\n\t\t\t\t\t<a class=\"qodef-popup-item\" itemprop=\"image\" href=\"https:\/\/escudes.com\/wp-content\/uploads\/2023\/01\/a7c58987-5187-4037-9a6d-cb52a0faf257.jpg\" data-type=\"image\" data-fslightbox=\"gallery-58\">\n\t\t\t\t\t<img loading=\"lazy\" decoding=\"async\" width=\"640\" height=\"426\" src=\"https:\/\/escudes.com\/wp-content\/uploads\/2023\/01\/a7c58987-5187-4037-9a6d-cb52a0faf257.jpg\" class=\"attachment-full size-full\" alt=\"\" srcset=\"https:\/\/escudes.com\/wp-content\/uploads\/2023\/01\/a7c58987-5187-4037-9a6d-cb52a0faf257.jpg 640w, https:\/\/escudes.com\/wp-content\/uploads\/2023\/01\/a7c58987-5187-4037-9a6d-cb52a0faf257-300x200.jpg 300w, https:\/\/escudes.com\/wp-content\/uploads\/2023\/01\/a7c58987-5187-4037-9a6d-cb52a0faf257-600x399.jpg 600w\" sizes=\"(max-width: 640px) 100vw, 640px\" \/>\t\t\t\t\t<\/a>\n\t\t\t<\/div>\n<\/div>\n<div class=\"qodef-e qodef-image-wrapper qodef-grid-item\">\n\t<div class=\"qodef-e-inner\">\n\t\t\t\t\t<a class=\"qodef-popup-item\" itemprop=\"image\" href=\"https:\/\/escudes.com\/wp-content\/uploads\/2023\/01\/IMG-1579-scaled.jpg\" data-type=\"image\" data-fslightbox=\"gallery-58\">\n\t\t\t\t\t<img loading=\"lazy\" decoding=\"async\" width=\"1920\" height=\"2560\" src=\"https:\/\/escudes.com\/wp-content\/uploads\/2023\/01\/IMG-1579-scaled.jpg\" class=\"attachment-full size-full\" alt=\"\" srcset=\"https:\/\/escudes.com\/wp-content\/uploads\/2023\/01\/IMG-1579-scaled.jpg 1920w, https:\/\/escudes.com\/wp-content\/uploads\/2023\/01\/IMG-1579-225x300.jpg 225w, https:\/\/escudes.com\/wp-content\/uploads\/2023\/01\/IMG-1579-768x1024.jpg 768w, https:\/\/escudes.com\/wp-content\/uploads\/2023\/01\/IMG-1579-1152x1536.jpg 1152w, https:\/\/escudes.com\/wp-content\/uploads\/2023\/01\/IMG-1579-1536x2048.jpg 1536w, https:\/\/escudes.com\/wp-content\/uploads\/2023\/01\/IMG-1579-600x800.jpg 600w\" sizes=\"(max-width: 1920px) 100vw, 1920px\" \/>\t\t\t\t\t<\/a>\n\t\t\t<\/div>\n<\/div>\n<div class=\"qodef-e qodef-image-wrapper qodef-grid-item\">\n\t<div class=\"qodef-e-inner\">\n\t\t\t\t\t<a class=\"qodef-popup-item\" itemprop=\"image\" href=\"https:\/\/escudes.com\/wp-content\/uploads\/2023\/01\/DSC9050-scaled.jpg\" data-type=\"image\" data-fslightbox=\"gallery-58\">\n\t\t\t\t\t<img loading=\"lazy\" decoding=\"async\" width=\"2560\" height=\"1709\" src=\"https:\/\/escudes.com\/wp-content\/uploads\/2023\/01\/DSC9050-scaled.jpg\" class=\"attachment-full size-full\" alt=\"\" srcset=\"https:\/\/escudes.com\/wp-content\/uploads\/2023\/01\/DSC9050-scaled.jpg 2560w, https:\/\/escudes.com\/wp-content\/uploads\/2023\/01\/DSC9050-300x200.jpg 300w, https:\/\/escudes.com\/wp-content\/uploads\/2023\/01\/DSC9050-1024x684.jpg 1024w, https:\/\/escudes.com\/wp-content\/uploads\/2023\/01\/DSC9050-768x513.jpg 768w, https:\/\/escudes.com\/wp-content\/uploads\/2023\/01\/DSC9050-1536x1025.jpg 1536w, https:\/\/escudes.com\/wp-content\/uploads\/2023\/01\/DSC9050-2048x1367.jpg 2048w, https:\/\/escudes.com\/wp-content\/uploads\/2023\/01\/DSC9050-600x401.jpg 600w\" sizes=\"(max-width: 2560px) 100vw, 2560px\" \/>\t\t\t\t\t<\/a>\n\t\t\t<\/div>\n<\/div>\n<div class=\"qodef-e qodef-image-wrapper qodef-grid-item\">\n\t<div class=\"qodef-e-inner\">\n\t\t\t\t\t<a class=\"qodef-popup-item\" itemprop=\"image\" href=\"https:\/\/escudes.com\/wp-content\/uploads\/2023\/01\/IMG_3369-rotated.jpg\" data-type=\"image\" data-fslightbox=\"gallery-58\">\n\t\t\t\t\t<img loading=\"lazy\" decoding=\"async\" width=\"480\" height=\"640\" src=\"https:\/\/escudes.com\/wp-content\/uploads\/2023\/01\/IMG_3369-rotated.jpg\" class=\"attachment-full size-full\" alt=\"\" srcset=\"https:\/\/escudes.com\/wp-content\/uploads\/2023\/01\/IMG_3369-rotated.jpg 480w, https:\/\/escudes.com\/wp-content\/uploads\/2023\/01\/IMG_3369-225x300.jpg 225w\" sizes=\"(max-width: 480px) 100vw, 480px\" \/>\t\t\t\t\t<\/a>\n\t\t\t<\/div>\n<\/div>\n<div class=\"qodef-e qodef-image-wrapper qodef-grid-item\">\n\t<div class=\"qodef-e-inner\">\n\t\t\t\t\t<a class=\"qodef-popup-item\" itemprop=\"image\" href=\"https:\/\/escudes.com\/wp-content\/uploads\/2023\/01\/be82534c-8ea8-486e-b12c-8f1fde66bc99.jpg\" data-type=\"image\" data-fslightbox=\"gallery-58\">\n\t\t\t\t\t<img loading=\"lazy\" decoding=\"async\" width=\"640\" height=\"426\" src=\"https:\/\/escudes.com\/wp-content\/uploads\/2023\/01\/be82534c-8ea8-486e-b12c-8f1fde66bc99.jpg\" class=\"attachment-full size-full\" alt=\"\" srcset=\"https:\/\/escudes.com\/wp-content\/uploads\/2023\/01\/be82534c-8ea8-486e-b12c-8f1fde66bc99.jpg 640w, https:\/\/escudes.com\/wp-content\/uploads\/2023\/01\/be82534c-8ea8-486e-b12c-8f1fde66bc99-300x200.jpg 300w, https:\/\/escudes.com\/wp-content\/uploads\/2023\/01\/be82534c-8ea8-486e-b12c-8f1fde66bc99-600x399.jpg 600w\" sizes=\"(max-width: 640px) 100vw, 640px\" \/>\t\t\t\t\t<\/a>\n\t\t\t<\/div>\n<\/div>\n<div class=\"qodef-e qodef-image-wrapper qodef-grid-item\">\n\t<div class=\"qodef-e-inner\">\n\t\t\t\t\t<a class=\"qodef-popup-item\" itemprop=\"image\" href=\"https:\/\/escudes.com\/wp-content\/uploads\/2023\/01\/IMG-1602-1-scaled.jpg\" data-type=\"image\" data-fslightbox=\"gallery-58\">\n\t\t\t\t\t<img loading=\"lazy\" decoding=\"async\" width=\"1920\" height=\"2560\" src=\"https:\/\/escudes.com\/wp-content\/uploads\/2023\/01\/IMG-1602-1-scaled.jpg\" class=\"attachment-full size-full\" alt=\"\" srcset=\"https:\/\/escudes.com\/wp-content\/uploads\/2023\/01\/IMG-1602-1-scaled.jpg 1920w, https:\/\/escudes.com\/wp-content\/uploads\/2023\/01\/IMG-1602-1-225x300.jpg 225w, https:\/\/escudes.com\/wp-content\/uploads\/2023\/01\/IMG-1602-1-768x1024.jpg 768w, https:\/\/escudes.com\/wp-content\/uploads\/2023\/01\/IMG-1602-1-1152x1536.jpg 1152w, https:\/\/escudes.com\/wp-content\/uploads\/2023\/01\/IMG-1602-1-1536x2048.jpg 1536w, https:\/\/escudes.com\/wp-content\/uploads\/2023\/01\/IMG-1602-1-600x800.jpg 600w\" sizes=\"(max-width: 1920px) 100vw, 1920px\" \/>\t\t\t\t\t<\/a>\n\t\t\t<\/div>\n<\/div>\n<div class=\"qodef-e qodef-image-wrapper qodef-grid-item\">\n\t<div class=\"qodef-e-inner\">\n\t\t\t\t\t<a class=\"qodef-popup-item\" itemprop=\"image\" href=\"https:\/\/escudes.com\/wp-content\/uploads\/2023\/01\/029cf867-c159-4e9a-8c0c-f6782cbe6626.jpg\" data-type=\"image\" data-fslightbox=\"gallery-58\">\n\t\t\t\t\t<img loading=\"lazy\" decoding=\"async\" width=\"1600\" height=\"1066\" src=\"https:\/\/escudes.com\/wp-content\/uploads\/2023\/01\/029cf867-c159-4e9a-8c0c-f6782cbe6626.jpg\" class=\"attachment-full size-full\" alt=\"\" srcset=\"https:\/\/escudes.com\/wp-content\/uploads\/2023\/01\/029cf867-c159-4e9a-8c0c-f6782cbe6626.jpg 1600w, https:\/\/escudes.com\/wp-content\/uploads\/2023\/01\/029cf867-c159-4e9a-8c0c-f6782cbe6626-300x200.jpg 300w, https:\/\/escudes.com\/wp-content\/uploads\/2023\/01\/029cf867-c159-4e9a-8c0c-f6782cbe6626-1024x682.jpg 1024w, https:\/\/escudes.com\/wp-content\/uploads\/2023\/01\/029cf867-c159-4e9a-8c0c-f6782cbe6626-768x512.jpg 768w, https:\/\/escudes.com\/wp-content\/uploads\/2023\/01\/029cf867-c159-4e9a-8c0c-f6782cbe6626-1536x1023.jpg 1536w, https:\/\/escudes.com\/wp-content\/uploads\/2023\/01\/029cf867-c159-4e9a-8c0c-f6782cbe6626-600x400.jpg 600w\" sizes=\"(max-width: 1600px) 100vw, 1600px\" \/>\t\t\t\t\t<\/a>\n\t\t\t<\/div>\n<\/div>\n\t<\/div>\n<\/div>\n\t\t\t\t<\/div>\n\t\t\t\t<\/div>\n\t\t\t\t\t<\/div>\n\t\t<\/div>\n\t\t\t\t\t<\/div>\n\t\t<\/section>\n\t\t\t\t<\/div>\n\t\t","protected":false},"excerpt":{"rendered":"<p>\u00c9v\u00e9nements Pour un mariage incluant 2 nuits de sommeil pour 16 personnes et les invit\u00e9s pendant les journ\u00e9es (maximum 80), notre prix de d\u00e9part est de 6.000 \u20ac pendant la basse saison. Nous avons des logements \u00e0 moins de 10 minutes en voiture d&rsquo;Escudes pour h\u00e9berger tous vos invit\u00e9s.<\/p>\n","protected":false},"author":1,"featured_media":0,"parent":0,"menu_order":0,"comment_status":"closed","ping_status":"closed","template":"","meta":{"footnotes":""},"class_list":["post-5271","page","type-page","status-publish","hentry"],"_links":{"self":[{"href":"https:\/\/escudes.com\/fr\/wp-json\/wp\/v2\/pages\/5271","targetHints":{"allow":["GET"]}}],"collection":[{"href":"https:\/\/escudes.com\/fr\/wp-json\/wp\/v2\/pages"}],"about":[{"href":"https:\/\/escudes.com\/fr\/wp-json\/wp\/v2\/types\/page"}],"author":[{"embeddable":true,"href":"https:\/\/escudes.com\/fr\/wp-json\/wp\/v2\/users\/1"}],"replies":[{"embeddable":true,"href":"https:\/\/escudes.com\/fr\/wp-json\/wp\/v2\/comments?post=5271"}],"version-history":[{"count":0,"href":"https:\/\/escudes.com\/fr\/wp-json\/wp\/v2\/pages\/5271\/revisions"}],"wp:attachment":[{"href":"https:\/\/escudes.com\/fr\/wp-json\/wp\/v2\/media?parent=5271"}],"curies":[{"name":"wp","href":"https:\/\/api.w.org\/{rel}","templated":true}]}}