{"id":5275,"date":"2020-03-31T13:25:00","date_gmt":"2020-03-31T11:25:00","guid":{"rendered":"https:\/\/escudes.com\/contact\/"},"modified":"2023-05-07T22:05:21","modified_gmt":"2023-05-07T20:05:21","slug":"contact","status":"publish","type":"page","link":"https:\/\/escudes.com\/fr\/contact\/","title":{"rendered":"Contact"},"content":{"rendered":"\t\t<div data-elementor-type=\"wp-page\" data-elementor-id=\"5275\" class=\"elementor elementor-5275 elementor-2531\" data-elementor-post-type=\"page\">\n\t\t\t\t\t\t<section class=\"elementor-section elementor-top-section elementor-element elementor-element-c9042e3 qodef-elementor-content-grid elementor-section-boxed elementor-section-height-default elementor-section-height-default\" data-id=\"c9042e3\" data-element_type=\"section\" data-e-type=\"section\">\n\t\t\t\t\t\t<div class=\"elementor-container elementor-column-gap-default\">\n\t\t\t\t\t<div class=\"elementor-column elementor-col-50 elementor-top-column elementor-element elementor-element-cc5b1cc\" data-id=\"cc5b1cc\" data-element_type=\"column\" data-e-type=\"column\">\n\t\t\t<div class=\"elementor-widget-wrap elementor-element-populated\">\n\t\t\t\t\t\t<div class=\"elementor-element elementor-element-8f268a7 elementor-widget elementor-widget-text-editor\" data-id=\"8f268a7\" data-element_type=\"widget\" data-e-type=\"widget\" data-widget_type=\"text-editor.default\">\n\t\t\t\t\t\t\t\t\t<h3>N&rsquo;h\u00e9sitez pas \u00e0 nous envoyer un e-mail<\/h3>\n<p>E-mail: <a href=\"mailto:info@escudes.com\">info@escudes.com<\/a><\/p>\n<p><i>Nous r\u00e9pondrons \u00e0 toutes vos demandes et questions dans les 6 heures ouvrables.<\/i><\/p>\n\t\t\t\t\t\t\t\t<\/div>\n\t\t\t\t<div class=\"elementor-element elementor-element-d610a97 elementor-widget elementor-widget-text-editor\" data-id=\"d610a97\" data-element_type=\"widget\" data-e-type=\"widget\" data-widget_type=\"text-editor.default\">\n\t\t\t\t\t\t\t\t\t<h3>N&rsquo;h\u00e9sitez pas \u00e0 nous appeler<\/h3>\n<p>FR: <a href=\"tel:+33788 030598\" target=\"_blank\" rel=\"noopener\">+33 (0)7 88 03 05 98<\/a><\/p>\n<p>NL: <a href=\"tel:+31650 210557\" target=\"_blank\" rel=\"noopener\">+31 (0)6 50 21 05 57<\/a><\/p>\n<p><i>Si nous ne pouvons pas r\u00e9pondre \u00e0 votre appel, envoyez-nous un e-mail \u00e0 <a href=\"mailto:info@escudes.com\">info@escudes.com<\/a>.<\/i><\/p>\n\t\t\t\t\t\t\t\t<\/div>\n\t\t\t\t<div class=\"elementor-element elementor-element-9f85868 elementor-widget elementor-widget-google_maps\" data-id=\"9f85868\" data-element_type=\"widget\" data-e-type=\"widget\" data-widget_type=\"google_maps.default\">\n\t\t\t\t\t\t\t<div class=\"elementor-custom-embed\">\n\t\t\t<iframe loading=\"lazy\"\n\t\t\t\t\tsrc=\"https:\/\/maps.google.com\/maps?q=Escud%C3%A8s%2C%20Ch%C3%A2teau%2C%2082500%20Vigueron&#038;t=m&#038;z=10&#038;output=embed&#038;iwloc=near\"\n\t\t\t\t\ttitle=\"Escud\u00e8s, Ch\u00e2teau, 82500 Vigueron\"\n\t\t\t\t\taria-label=\"Escud\u00e8s, Ch\u00e2teau, 82500 Vigueron\"\n\t\t\t><\/iframe>\n\t\t<\/div>\n\t\t\t\t\t\t<\/div>\n\t\t\t\t<div class=\"elementor-element elementor-element-532fe70 elementor-widget elementor-widget-alloggio_core_google_map\" data-id=\"532fe70\" data-element_type=\"widget\" data-e-type=\"widget\" data-widget_type=\"alloggio_core_google_map.default\">\n\t\t\t\t<div class=\"elementor-widget-container\">\n\t\t\t\t\t<div class=\"qodef-shortcode qodef-m qodef-google-map\">\n\t<div class=\"qodef-m-map\" id=\"qodef-map-id--1\" data-addresses='[\"Escud\u00e8s, Ch\u00e2teau, 82500 Vigueron\"]' data-pin=https:\/\/escudes.com\/wp-content\/plugins\/alloggio-core\/inc\/maps\/assets\/img\/pin.png data-unique-id=1 data-height=500px><\/div>\n<\/div>\t\t\t\t<\/div>\n\t\t\t\t<\/div>\n\t\t\t\t\t<\/div>\n\t\t<\/div>\n\t\t\t\t<div class=\"elementor-column elementor-col-50 elementor-top-column elementor-element elementor-element-7ca5e6f\" data-id=\"7ca5e6f\" data-element_type=\"column\" data-e-type=\"column\">\n\t\t\t<div class=\"elementor-widget-wrap elementor-element-populated\">\n\t\t\t\t\t\t<div class=\"elementor-element elementor-element-f52185c elementor-widget elementor-widget-text-editor\" data-id=\"f52185c\" data-element_type=\"widget\" data-e-type=\"widget\" data-widget_type=\"text-editor.default\">\n\t\t\t\t\t\t\t\t\t<h3>Comment pouvons-nous aider?<\/h3>\n\t\t\t\t\t\t\t\t<\/div>\n\t\t\t\t<div class=\"elementor-element elementor-element-1b36b44 elementor-widget elementor-widget-shortcode\" data-id=\"1b36b44\" data-element_type=\"widget\" data-e-type=\"widget\" data-widget_type=\"shortcode.default\">\n\t\t\t\t\t\t\t<div class=\"elementor-shortcode\">[contact-form-7 id=\"4576\" title=\"Contact\"]<\/div>\n\t\t\t\t\t\t<\/div>\n\t\t\t\t\t<\/div>\n\t\t<\/div>\n\t\t\t\t\t<\/div>\n\t\t<\/section>\n\t\t\t\t<\/div>\n\t\t","protected":false},"excerpt":{"rendered":"<p>N&rsquo;h\u00e9sitez pas \u00e0 nous envoyer un e-mail E-mail: info@escudes.com Nous r\u00e9pondrons \u00e0 toutes vos demandes et questions dans les 6 heures ouvrables. N&rsquo;h\u00e9sitez pas \u00e0 nous appeler FR: +33 (0)7 88 03 05 98 NL: +31 (0)6 50 21 05 57 Si nous ne pouvons pas r\u00e9pondre \u00e0 votre appel, envoyez-nous un e-mail \u00e0 info@escudes.com. [&hellip;]<\/p>\n","protected":false},"author":1,"featured_media":0,"parent":0,"menu_order":0,"comment_status":"closed","ping_status":"closed","template":"","meta":{"footnotes":""},"class_list":["post-5275","page","type-page","status-publish","hentry"],"_links":{"self":[{"href":"https:\/\/escudes.com\/fr\/wp-json\/wp\/v2\/pages\/5275","targetHints":{"allow":["GET"]}}],"collection":[{"href":"https:\/\/escudes.com\/fr\/wp-json\/wp\/v2\/pages"}],"about":[{"href":"https:\/\/escudes.com\/fr\/wp-json\/wp\/v2\/types\/page"}],"author":[{"embeddable":true,"href":"https:\/\/escudes.com\/fr\/wp-json\/wp\/v2\/users\/1"}],"replies":[{"embeddable":true,"href":"https:\/\/escudes.com\/fr\/wp-json\/wp\/v2\/comments?post=5275"}],"version-history":[{"count":0,"href":"https:\/\/escudes.com\/fr\/wp-json\/wp\/v2\/pages\/5275\/revisions"}],"wp:attachment":[{"href":"https:\/\/escudes.com\/fr\/wp-json\/wp\/v2\/media?parent=5275"}],"curies":[{"name":"wp","href":"https:\/\/api.w.org\/{rel}","templated":true}]}}