{"id":5281,"date":"2022-12-13T13:02:28","date_gmt":"2022-12-13T12:02:28","guid":{"rendered":"https:\/\/escudes.com\/a-propos-de-nous\/"},"modified":"2023-05-07T22:12:06","modified_gmt":"2023-05-07T20:12:06","slug":"a-propos-de-nous","status":"publish","type":"page","link":"https:\/\/escudes.com\/fr\/a-propos-de-nous\/","title":{"rendered":"\u00c0 propos de nous"},"content":{"rendered":"\t\t<div data-elementor-type=\"wp-page\" data-elementor-id=\"5281\" class=\"elementor elementor-5281 elementor-4446\" data-elementor-post-type=\"page\">\n\t\t\t\t\t\t<section class=\"elementor-section elementor-top-section elementor-element elementor-element-57c3121 elementor-section-full_width elementor-section-height-default elementor-section-height-default qodef-elementor-content-no\" data-id=\"57c3121\" data-element_type=\"section\" data-e-type=\"section\">\n\t\t\t\t\t\t<div class=\"elementor-container elementor-column-gap-default\">\n\t\t\t\t\t<div class=\"elementor-column elementor-col-100 elementor-top-column elementor-element elementor-element-ac40eb6\" data-id=\"ac40eb6\" data-element_type=\"column\" data-e-type=\"column\">\n\t\t\t<div class=\"elementor-widget-wrap elementor-element-populated\">\n\t\t\t\t\t\t<div class=\"elementor-element elementor-element-5150f60 elementor-widget elementor-widget-heading\" data-id=\"5150f60\" data-element_type=\"widget\" data-e-type=\"widget\" data-widget_type=\"heading.default\">\n\t\t\t\t\t<h1 class=\"elementor-heading-title elementor-size-xxl\">\u00c0 propos de nous<\/h1>\t\t\t\t<\/div>\n\t\t\t\t\t<\/div>\n\t\t<\/div>\n\t\t\t\t\t<\/div>\n\t\t<\/section>\n\t\t\t\t<section class=\"elementor-section elementor-top-section elementor-element elementor-element-236d0744 elementor-section-full_width elementor-section-height-default elementor-section-height-default qodef-elementor-content-no\" data-id=\"236d0744\" data-element_type=\"section\" data-e-type=\"section\">\n\t\t\t\t\t\t<div class=\"elementor-container elementor-column-gap-wider\">\n\t\t\t\t\t<div class=\"elementor-column elementor-col-50 elementor-top-column elementor-element elementor-element-1578b61\" data-id=\"1578b61\" data-element_type=\"column\" data-e-type=\"column\">\n\t\t\t<div class=\"elementor-widget-wrap elementor-element-populated\">\n\t\t\t\t\t\t<div class=\"elementor-element elementor-element-009da7d elementor-widget elementor-widget-image\" data-id=\"009da7d\" data-element_type=\"widget\" data-e-type=\"widget\" data-widget_type=\"image.default\">\n\t\t\t\t\t\t\t\t\t\t\t\t\t\t\t<img decoding=\"async\" src=\"https:\/\/escudes.com\/wp-content\/uploads\/2022\/12\/3efbed9c-3b89-4055-947e-ddbdaabfd75a.jpg\" title=\"\" alt=\"\" loading=\"lazy\" \/>\t\t\t\t\t\t\t\t\t\t\t\t\t\t\t<\/div>\n\t\t\t\t\t<\/div>\n\t\t<\/div>\n\t\t\t\t<div class=\"elementor-column elementor-col-50 elementor-top-column elementor-element elementor-element-247ee434\" data-id=\"247ee434\" data-element_type=\"column\" data-e-type=\"column\">\n\t\t\t<div class=\"elementor-widget-wrap elementor-element-populated\">\n\t\t\t\t\t\t<div class=\"elementor-element elementor-element-2b788eab elementor-widget elementor-widget-text-editor\" data-id=\"2b788eab\" data-element_type=\"widget\" data-e-type=\"widget\" data-widget_type=\"text-editor.default\">\n\t\t\t\t\t\t\t\t\t<p>Ton du Chatinier, joueur de football et entra\u00eeneur de football international. Hester du Chatinier &#8211; Hauer, acheteuse de mode f\u00e9minine \/ v\u00eatements de sport et entrepreneure.<\/p>\n<p>Nous avons beaucoup voyag\u00e9 dans le monde. \u00c0 travers notre travail mais aussi dans le cadre priv\u00e9, nous aimons voyager. Lors de nos voyages priv\u00e9s, nous recherchons toujours des endroits sp\u00e9ciaux o\u00f9 s\u00e9journer. Au cours de ces voyages, nous avons commenc\u00e9 \u00e0 r\u00eaver d&rsquo;avoir notre propre lieu sp\u00e9cial, o\u00f9 nous pourrions toujours avoir une sensation de vacances. Et r\u00eaver encore plus grand : partager cette sensation de vacances avec nos invit\u00e9s.<\/p>\n<p>Cet endroit devait avoir suffisamment d&rsquo;espace pour nos activit\u00e9s sportives (tennis, golf, football, p\u00eache, \u00e9quitation, longues promenades avec les chiens). Assez d&rsquo;espace pour tous nos animaux, 3 chiens, 1 chat, 2 poneys, 2 chevaux et 2 canards. Assez proche d&rsquo;un a\u00e9roport international. Quelques villes anim\u00e9es \u00e0 proximit\u00e9. Et sp\u00e9cialement pour Ton : sa ville natale Utrecht accessible en voiture.<\/p>\n\t\t\t\t\t\t\t\t<\/div>\n\t\t\t\t\t<\/div>\n\t\t<\/div>\n\t\t\t\t\t<\/div>\n\t\t<\/section>\n\t\t\t\t<section class=\"elementor-section elementor-top-section elementor-element elementor-element-b130a18 elementor-section-full_width elementor-section-height-default elementor-section-height-default qodef-elementor-content-no\" data-id=\"b130a18\" data-element_type=\"section\" data-e-type=\"section\">\n\t\t\t\t\t\t<div class=\"elementor-container elementor-column-gap-wider\">\n\t\t\t\t\t<div class=\"elementor-column elementor-col-50 elementor-top-column elementor-element elementor-element-881f373\" data-id=\"881f373\" data-element_type=\"column\" data-e-type=\"column\">\n\t\t\t<div class=\"elementor-widget-wrap elementor-element-populated\">\n\t\t\t\t\t\t<div class=\"elementor-element elementor-element-b2f55d1 elementor-widget elementor-widget-text-editor\" data-id=\"b2f55d1\" data-element_type=\"widget\" data-e-type=\"widget\" data-widget_type=\"text-editor.default\">\n\t\t\t\t\t\t\t\t\t<p><span style=\"color: var( --e-global-color-text );\">Avec le talent d&rsquo;Hester pour l&rsquo;organisation et le style, l&rsquo;hospitalit\u00e9 de Ton et la gestion exceptionnelle des propri\u00e9t\u00e9s et des terrains, nous sommes vos h\u00f4tes id\u00e9aux pour : un s\u00e9jour relaxant, des vacances parfaites, le plus beau mariage, le meilleur lieu pour les \u00e9v\u00e9nements familiaux ou d&rsquo;affaires.<\/span><\/p>\r\n<p>Nous esp\u00e9rons vous rencontrer \u00e0 Escudes et faire tout notre possible pour rendre votre s\u00e9jour inoubliable.<span style=\"background-color: #ffffff; color: var( --e-global-color-text );\">Apr\u00e8s une recherche de 3 ans, nous avons trouv\u00e9 notre place en France dans la magnifique r\u00e9gion de Lomagne, \u00e0 seulement 40 km de l&rsquo;a\u00e9roport international de Toulouse et \u00e0 1100 km d&rsquo;Utrecht.<\/span><\/p>\r\n<p style=\"background-color: #ffffff;\"><span style=\"color: var( --e-global-color-text ); font-family: var( --e-global-typography-text-font-family ), Sans-serif; font-size: var( --e-global-typography-text-font-size ); font-weight: var( --e-global-typography-text-font-weight );\">Au cours des 20 derni\u00e8res ann\u00e9es, le domaine de 24 hectares a \u00e9t\u00e9 utilis\u00e9 comme maison de vacances. Nous avons pass\u00e9 6 mois \u00e0 d\u00e9corer et \u00e0 mettre \u00e0 jour l&rsquo;endroit. Maintenant, nous avons une belle maison familiale et des chambres d&rsquo;h\u00f4tes \/ maisons de vacances pouvant accueillir jusqu&rsquo;\u00e0 16 personnes.<\/span><\/p>\t\t\t\t\t\t\t\t<\/div>\n\t\t\t\t\t<\/div>\n\t\t<\/div>\n\t\t\t\t<div class=\"elementor-column elementor-col-50 elementor-top-column elementor-element elementor-element-87202f0\" data-id=\"87202f0\" data-element_type=\"column\" data-e-type=\"column\">\n\t\t\t<div class=\"elementor-widget-wrap elementor-element-populated\">\n\t\t\t\t\t\t<div class=\"elementor-element elementor-element-a830dd3 elementor-widget elementor-widget-image\" data-id=\"a830dd3\" data-element_type=\"widget\" data-e-type=\"widget\" data-widget_type=\"image.default\">\n\t\t\t\t\t\t\t\t\t\t\t\t\t\t\t<img fetchpriority=\"high\" decoding=\"async\" width=\"1200\" height=\"1600\" src=\"https:\/\/escudes.com\/wp-content\/uploads\/2022\/12\/IMG_0119-2.jpg\" class=\"attachment-full size-full wp-image-5039\" alt=\"\" srcset=\"https:\/\/escudes.com\/wp-content\/uploads\/2022\/12\/IMG_0119-2.jpg 1200w, https:\/\/escudes.com\/wp-content\/uploads\/2022\/12\/IMG_0119-2-225x300.jpg 225w, https:\/\/escudes.com\/wp-content\/uploads\/2022\/12\/IMG_0119-2-768x1024.jpg 768w, https:\/\/escudes.com\/wp-content\/uploads\/2022\/12\/IMG_0119-2-1152x1536.jpg 1152w, https:\/\/escudes.com\/wp-content\/uploads\/2022\/12\/IMG_0119-2-600x800.jpg 600w\" sizes=\"(max-width: 1200px) 100vw, 1200px\" \/>\t\t\t\t\t\t\t\t\t\t\t\t\t\t\t<\/div>\n\t\t\t\t\t<\/div>\n\t\t<\/div>\n\t\t\t\t\t<\/div>\n\t\t<\/section>\n\t\t\t\t<\/div>\n\t\t","protected":false},"excerpt":{"rendered":"<p>\u00c0 propos de nous Ton du Chatinier, joueur de football et entra\u00eeneur de football international. Hester du Chatinier &#8211; Hauer, acheteuse de mode f\u00e9minine \/ v\u00eatements de sport et entrepreneure. Nous avons beaucoup voyag\u00e9 dans le monde. \u00c0 travers notre travail mais aussi dans le cadre priv\u00e9, nous aimons voyager. Lors de nos voyages priv\u00e9s, [&hellip;]<\/p>\n","protected":false},"author":1,"featured_media":0,"parent":0,"menu_order":0,"comment_status":"closed","ping_status":"closed","template":"","meta":{"footnotes":""},"class_list":["post-5281","page","type-page","status-publish","hentry"],"_links":{"self":[{"href":"https:\/\/escudes.com\/fr\/wp-json\/wp\/v2\/pages\/5281","targetHints":{"allow":["GET"]}}],"collection":[{"href":"https:\/\/escudes.com\/fr\/wp-json\/wp\/v2\/pages"}],"about":[{"href":"https:\/\/escudes.com\/fr\/wp-json\/wp\/v2\/types\/page"}],"author":[{"embeddable":true,"href":"https:\/\/escudes.com\/fr\/wp-json\/wp\/v2\/users\/1"}],"replies":[{"embeddable":true,"href":"https:\/\/escudes.com\/fr\/wp-json\/wp\/v2\/comments?post=5281"}],"version-history":[{"count":0,"href":"https:\/\/escudes.com\/fr\/wp-json\/wp\/v2\/pages\/5281\/revisions"}],"wp:attachment":[{"href":"https:\/\/escudes.com\/fr\/wp-json\/wp\/v2\/media?parent=5281"}],"curies":[{"name":"wp","href":"https:\/\/api.w.org\/{rel}","templated":true}]}}